{"id":325,"date":"2015-04-16T22:05:37","date_gmt":"2015-04-16T20:05:37","guid":{"rendered":"http:\/\/www.adrian-diekmann.de\/wp\/?page_id=325"},"modified":"2018-06-08T23:28:19","modified_gmt":"2018-06-08T21:28:19","slug":"kontakt","status":"publish","type":"page","link":"https:\/\/www.adrian-diekmann.de\/wp\/kontakt\/","title":{"rendered":"Kontakt"},"content":{"rendered":"<p>Wenn du die im Kontaktformular eingegebenen Daten durch einen Klick auf den &#8222;Senden&#8220; Button \u00fcbermittelst, erkl\u00e4rst du dich damit einverstanden, dass wir deine Angaben f\u00fcr die Beantwortung deiner Anfrage bzw. Kontaktaufnahme verwenden.<\/p>\n<p>Eine Weitergabe an Dritte findet grunds\u00e4tzlich nicht statt, es sei denn geltende Datenschutzvorschriften rechtfertigen eine \u00dcbertragung oder wir dazu gesetzlich verpflichtet sind. Du kannst deine erteilte Einwilligung jederzeit mit Wirkung f\u00fcr die Zukunft widerrufen. Im Falle des Widerrufs werden deine Daten umgehend gel\u00f6scht. Deine Daten werden gel\u00f6scht, wenn wir deine Anfrage bearbeitet haben oder der Zweck der Speicherung entfallen ist. Du kannst dich jederzeit \u00fcber die zu deiner Person gespeicherten Daten informieren. Weitere Informationen zum Datenschutz findest du auch in der <a href=\"https:\/\/www.adrian-diekmann.de\/wp\/datenschutzerklaerung\/\">Datenschutzerkl\u00e4rung<\/a> dieser Webseite.<\/p>\n\n\n<!-- Fast Secure Contact Form plugin 4.0.52 - begin - FastSecureContactForm.com -->\r\n<div style=\"clear:both;\"><\/div>\n\r\n<div id=\"FSContact1\" style=\"width:99%; max-width:555px;\">\r\n<form action=\"https:\/\/www.adrian-diekmann.de\/wp\/wp-json\/wp\/v2\/pages\/325#FSContact1\" id=\"fscf_form1\" method=\"post\">\r\n\n<div id=\"fscf_required1\">\n  <span style=\"text-align:left;\">*<\/span> <span style=\"text-align:left;\">Eingabe erforderlich<\/span>\n<\/div>\n\n\n<div id=\"fscf_div_clear1_0\" style=\"clear:both;\">\n  <div id=\"fscf_div_field1_0\" style=\"clear:left; float:left; width:99%; max-width:550px; margin-right:10px;\">\r\n    <div style=\"text-align:left; padding-top:5px;\">\n      <label style=\"text-align:left;\" for=\"fscf_name1\">Name:<span style=\"text-align:left;\">*<\/span><\/label>\n    <\/div>\r\n    <div style=\"text-align:left;\">\r\n      <input style=\"text-align:left; margin:0; width:99%; max-width:450px;\" type=\"text\" id=\"fscf_name1\" name=\"full_name\" value=\"\"  readonly=\"readonly\" \/>\r\n    <\/div>\r\n  <\/div>\n<\/div>\n\n<div id=\"fscf_div_clear1_1\" style=\"clear:both;\">\n  <div id=\"fscf_div_field1_1\" style=\"clear:left; float:left; width:99%; max-width:550px; margin-right:10px;\">\n    <div style=\"text-align:left; padding-top:5px;\">\n      <label style=\"text-align:left;\" for=\"fscf_email1\">Email:<span style=\"text-align:left;\">*<\/span><\/label>\n    <\/div>\n    <div style=\"text-align:left;\">\n      <input style=\"text-align:left; margin:0; width:99%; max-width:450px;\" type=\"text\" id=\"fscf_email1\" name=\"email\" value=\"\"  readonly=\"readonly\" \/>\n    <\/div>\n  <\/div>\n<\/div>\n\n<div id=\"fscf_div_clear1_2\" style=\"clear:both;\">\n  <div id=\"fscf_div_field1_2\" style=\"clear:left; float:left; width:99%; max-width:550px; margin-right:10px;\">\n    <div style=\"text-align:left; padding-top:5px;\">\n      <label style=\"text-align:left;\" for=\"fscf_field1_2\">Betreff:<span style=\"text-align:left;\">*<\/span><\/label>\n    <\/div>\n    <div style=\"text-align:left;\">\n      <input style=\"text-align:left; margin:0; width:99%; max-width:450px;\" type=\"text\" id=\"fscf_field1_2\" name=\"subject\" value=\"\"  \/>\n    <\/div>\n  <\/div>\n<\/div>\n\n<div id=\"fscf_div_clear1_3\" style=\"clear:both;\">\n  <div id=\"fscf_div_field1_3\" style=\"clear:left; float:left; width:99%; max-width:550px; margin-right:10px;\">\n    <div style=\"text-align:left; padding-top:5px;\">\n      <label style=\"text-align:left;\" for=\"fscf_field1_3\">Nachricht:<span style=\"text-align:left;\">*<\/span><\/label>\n    <\/div>\n    <div style=\"text-align:left;\">\n      <textarea style=\"text-align:left; margin:0; width:99%; max-width:450px; height:320px;\" id=\"fscf_field1_3\" name=\"message\" cols=\"30\" rows=\"10\" ><\/textarea>\n    <\/div>\n  <\/div>\n<\/div>\r\n<div style=\"clear:both;\"><\/div>\n\n<div id=\"fscf_submit_div1\" style=\"text-align:left; clear:both; padding-top:15px;\">\r\n\t\t<input type=\"submit\" id=\"fscf_submit1\" style=\"cursor:pointer; margin:0;\" value=\"Senden\"  onclick=\"this.disabled=true; this.value='Senden...'; this.form.submit();\" \/> \n<\/div>\n\n<input type=\"hidden\" name=\"fscf_submitted\" value=\"0\" \/>\n<input type=\"hidden\" name=\"fs_postonce_1\" value=\"015601980996cec62747383650430f73,1777214312\" \/>\n<input type=\"hidden\" name=\"si_contact_action\" value=\"send\" \/>\n<input type=\"hidden\" name=\"form_id\" value=\"1\" \/>\n<input type=\"hidden\" name=\"mailto_id\" value=\"1\" \/>\n\n<\/form>\n<\/div>\r\n<div style=\"clear:both;\"><\/div>\n\n<!-- Fast Secure Contact Form plugin 4.0.52 - end - FastSecureContactForm.com -->\n\n","protected":false},"excerpt":{"rendered":"<p>Wenn du die im Kontaktformular eingegebenen Daten durch einen Klick auf den &#8222;Senden&#8220; Button \u00fcbermittelst, erkl\u00e4rst du dich damit einverstanden, dass wir deine Angaben f\u00fcr die Beantwortung deiner&#8230;<\/p>\n","protected":false},"author":2,"featured_media":0,"parent":0,"menu_order":0,"comment_status":"closed","ping_status":"closed","template":"","meta":{"footnotes":""},"class_list":["post-325","page","type-page","status-publish","hentry"],"yoast_head":"<!-- This site is optimized with the Yoast SEO plugin v27.4 - https:\/\/yoast.com\/product\/yoast-seo-wordpress\/ -->\n<title>Kontakt - Relic Hunting<\/title>\n<meta name=\"robots\" content=\"index, follow, max-snippet:-1, max-image-preview:large, max-video-preview:-1\" \/>\n<link rel=\"canonical\" href=\"https:\/\/www.adrian-diekmann.de\/wp\/kontakt\/\" \/>\n<meta property=\"og:locale\" content=\"de_DE\" \/>\n<meta property=\"og:type\" content=\"article\" \/>\n<meta property=\"og:title\" content=\"Kontakt - Relic Hunting\" \/>\n<meta property=\"og:description\" content=\"Wenn du die im Kontaktformular eingegebenen Daten durch einen Klick auf den &#8222;Senden&#8220; Button \u00fcbermittelst, erkl\u00e4rst du dich damit einverstanden, dass wir deine Angaben f\u00fcr die Beantwortung deiner...\" \/>\n<meta property=\"og:url\" content=\"https:\/\/www.adrian-diekmann.de\/wp\/kontakt\/\" \/>\n<meta property=\"og:site_name\" content=\"Relic Hunting\" \/>\n<meta property=\"article:modified_time\" content=\"2018-06-08T21:28:19+00:00\" \/>\n<meta name=\"twitter:card\" content=\"summary_large_image\" \/>\n<meta name=\"twitter:label1\" content=\"Gesch\u00e4tzte Lesezeit\" \/>\n\t<meta name=\"twitter:data1\" content=\"1\u00a0Minute\" \/>\n<script type=\"application\/ld+json\" class=\"yoast-schema-graph\">{\"@context\":\"https:\\\/\\\/schema.org\",\"@graph\":[{\"@type\":\"WebPage\",\"@id\":\"https:\\\/\\\/www.adrian-diekmann.de\\\/wp\\\/kontakt\\\/\",\"url\":\"https:\\\/\\\/www.adrian-diekmann.de\\\/wp\\\/kontakt\\\/\",\"name\":\"Kontakt - Relic Hunting\",\"isPartOf\":{\"@id\":\"https:\\\/\\\/www.adrian-diekmann.de\\\/wp\\\/#website\"},\"datePublished\":\"2015-04-16T20:05:37+00:00\",\"dateModified\":\"2018-06-08T21:28:19+00:00\",\"breadcrumb\":{\"@id\":\"https:\\\/\\\/www.adrian-diekmann.de\\\/wp\\\/kontakt\\\/#breadcrumb\"},\"inLanguage\":\"de\",\"potentialAction\":[{\"@type\":\"ReadAction\",\"target\":[\"https:\\\/\\\/www.adrian-diekmann.de\\\/wp\\\/kontakt\\\/\"]}]},{\"@type\":\"BreadcrumbList\",\"@id\":\"https:\\\/\\\/www.adrian-diekmann.de\\\/wp\\\/kontakt\\\/#breadcrumb\",\"itemListElement\":[{\"@type\":\"ListItem\",\"position\":1,\"name\":\"Startseite\",\"item\":\"https:\\\/\\\/www.adrian-diekmann.de\\\/wp\\\/\"},{\"@type\":\"ListItem\",\"position\":2,\"name\":\"Kontakt\"}]},{\"@type\":\"WebSite\",\"@id\":\"https:\\\/\\\/www.adrian-diekmann.de\\\/wp\\\/#website\",\"url\":\"https:\\\/\\\/www.adrian-diekmann.de\\\/wp\\\/\",\"name\":\"Relic Hunting\",\"description\":\"\",\"publisher\":{\"@id\":\"https:\\\/\\\/www.adrian-diekmann.de\\\/wp\\\/#\\\/schema\\\/person\\\/de2508278cbe008680b1257ffbac0ecb\"},\"potentialAction\":[{\"@type\":\"SearchAction\",\"target\":{\"@type\":\"EntryPoint\",\"urlTemplate\":\"https:\\\/\\\/www.adrian-diekmann.de\\\/wp\\\/?s={search_term_string}\"},\"query-input\":{\"@type\":\"PropertyValueSpecification\",\"valueRequired\":true,\"valueName\":\"search_term_string\"}}],\"inLanguage\":\"de\"},{\"@type\":[\"Person\",\"Organization\"],\"@id\":\"https:\\\/\\\/www.adrian-diekmann.de\\\/wp\\\/#\\\/schema\\\/person\\\/de2508278cbe008680b1257ffbac0ecb\",\"name\":\"Adrian\",\"image\":{\"@type\":\"ImageObject\",\"inLanguage\":\"de\",\"@id\":\"https:\\\/\\\/secure.gravatar.com\\\/avatar\\\/ad2686f2ac71b83e99560d8872eb3898713c564dc0cd8ab3460bd7cbfc792bdb?s=96&d=mm&r=g\",\"url\":\"https:\\\/\\\/secure.gravatar.com\\\/avatar\\\/ad2686f2ac71b83e99560d8872eb3898713c564dc0cd8ab3460bd7cbfc792bdb?s=96&d=mm&r=g\",\"contentUrl\":\"https:\\\/\\\/secure.gravatar.com\\\/avatar\\\/ad2686f2ac71b83e99560d8872eb3898713c564dc0cd8ab3460bd7cbfc792bdb?s=96&d=mm&r=g\",\"caption\":\"Adrian\"},\"logo\":{\"@id\":\"https:\\\/\\\/secure.gravatar.com\\\/avatar\\\/ad2686f2ac71b83e99560d8872eb3898713c564dc0cd8ab3460bd7cbfc792bdb?s=96&d=mm&r=g\"}}]}<\/script>\n<!-- \/ Yoast SEO plugin. -->","yoast_head_json":{"title":"Kontakt - Relic Hunting","robots":{"index":"index","follow":"follow","max-snippet":"max-snippet:-1","max-image-preview":"max-image-preview:large","max-video-preview":"max-video-preview:-1"},"canonical":"https:\/\/www.adrian-diekmann.de\/wp\/kontakt\/","og_locale":"de_DE","og_type":"article","og_title":"Kontakt - Relic Hunting","og_description":"Wenn du die im Kontaktformular eingegebenen Daten durch einen Klick auf den &#8222;Senden&#8220; Button \u00fcbermittelst, erkl\u00e4rst du dich damit einverstanden, dass wir deine Angaben f\u00fcr die Beantwortung deiner...","og_url":"https:\/\/www.adrian-diekmann.de\/wp\/kontakt\/","og_site_name":"Relic Hunting","article_modified_time":"2018-06-08T21:28:19+00:00","twitter_card":"summary_large_image","twitter_misc":{"Gesch\u00e4tzte Lesezeit":"1\u00a0Minute"},"schema":{"@context":"https:\/\/schema.org","@graph":[{"@type":"WebPage","@id":"https:\/\/www.adrian-diekmann.de\/wp\/kontakt\/","url":"https:\/\/www.adrian-diekmann.de\/wp\/kontakt\/","name":"Kontakt - Relic Hunting","isPartOf":{"@id":"https:\/\/www.adrian-diekmann.de\/wp\/#website"},"datePublished":"2015-04-16T20:05:37+00:00","dateModified":"2018-06-08T21:28:19+00:00","breadcrumb":{"@id":"https:\/\/www.adrian-diekmann.de\/wp\/kontakt\/#breadcrumb"},"inLanguage":"de","potentialAction":[{"@type":"ReadAction","target":["https:\/\/www.adrian-diekmann.de\/wp\/kontakt\/"]}]},{"@type":"BreadcrumbList","@id":"https:\/\/www.adrian-diekmann.de\/wp\/kontakt\/#breadcrumb","itemListElement":[{"@type":"ListItem","position":1,"name":"Startseite","item":"https:\/\/www.adrian-diekmann.de\/wp\/"},{"@type":"ListItem","position":2,"name":"Kontakt"}]},{"@type":"WebSite","@id":"https:\/\/www.adrian-diekmann.de\/wp\/#website","url":"https:\/\/www.adrian-diekmann.de\/wp\/","name":"Relic Hunting","description":"","publisher":{"@id":"https:\/\/www.adrian-diekmann.de\/wp\/#\/schema\/person\/de2508278cbe008680b1257ffbac0ecb"},"potentialAction":[{"@type":"SearchAction","target":{"@type":"EntryPoint","urlTemplate":"https:\/\/www.adrian-diekmann.de\/wp\/?s={search_term_string}"},"query-input":{"@type":"PropertyValueSpecification","valueRequired":true,"valueName":"search_term_string"}}],"inLanguage":"de"},{"@type":["Person","Organization"],"@id":"https:\/\/www.adrian-diekmann.de\/wp\/#\/schema\/person\/de2508278cbe008680b1257ffbac0ecb","name":"Adrian","image":{"@type":"ImageObject","inLanguage":"de","@id":"https:\/\/secure.gravatar.com\/avatar\/ad2686f2ac71b83e99560d8872eb3898713c564dc0cd8ab3460bd7cbfc792bdb?s=96&d=mm&r=g","url":"https:\/\/secure.gravatar.com\/avatar\/ad2686f2ac71b83e99560d8872eb3898713c564dc0cd8ab3460bd7cbfc792bdb?s=96&d=mm&r=g","contentUrl":"https:\/\/secure.gravatar.com\/avatar\/ad2686f2ac71b83e99560d8872eb3898713c564dc0cd8ab3460bd7cbfc792bdb?s=96&d=mm&r=g","caption":"Adrian"},"logo":{"@id":"https:\/\/secure.gravatar.com\/avatar\/ad2686f2ac71b83e99560d8872eb3898713c564dc0cd8ab3460bd7cbfc792bdb?s=96&d=mm&r=g"}}]}},"_links":{"self":[{"href":"https:\/\/www.adrian-diekmann.de\/wp\/wp-json\/wp\/v2\/pages\/325","targetHints":{"allow":["GET"]}}],"collection":[{"href":"https:\/\/www.adrian-diekmann.de\/wp\/wp-json\/wp\/v2\/pages"}],"about":[{"href":"https:\/\/www.adrian-diekmann.de\/wp\/wp-json\/wp\/v2\/types\/page"}],"author":[{"embeddable":true,"href":"https:\/\/www.adrian-diekmann.de\/wp\/wp-json\/wp\/v2\/users\/2"}],"replies":[{"embeddable":true,"href":"https:\/\/www.adrian-diekmann.de\/wp\/wp-json\/wp\/v2\/comments?post=325"}],"version-history":[{"count":0,"href":"https:\/\/www.adrian-diekmann.de\/wp\/wp-json\/wp\/v2\/pages\/325\/revisions"}],"wp:attachment":[{"href":"https:\/\/www.adrian-diekmann.de\/wp\/wp-json\/wp\/v2\/media?parent=325"}],"curies":[{"name":"wp","href":"https:\/\/api.w.org\/{rel}","templated":true}]}}